{"id":265,"date":"2025-01-21T16:12:48","date_gmt":"2025-01-21T15:12:48","guid":{"rendered":"https:\/\/saegewerk-helldoerfer.de\/?post_type=product&#038;p=265"},"modified":"2025-01-24T07:06:31","modified_gmt":"2025-01-24T06:06:31","slug":"kantholz-fichte-kiefer-100mm","status":"publish","type":"product","link":"https:\/\/saegewerk-helldoerfer.de\/?product=kantholz-fichte-kiefer-100mm","title":{"rendered":"Kantholz Fichte\/Kiefer 100mm"},"content":{"rendered":"<p><strong>Eigenschaften von S\u00e4gerauen Kanth\u00f6lzern<\/strong><br \/>\nDas s\u00e4geraue Kantholz ist ein robustes und vielseitig einsetzbares Baumaterial, das sich besonders f\u00fcr tragende Konstruktionen und weniger sichtbare Bauprojekte eignet. Hergestellt aus hochwertigem Fichten- und Kiefernholz, bietet es eine nat\u00fcrliche, rustikale Optik. Die Oberfl\u00e4che bleibt durch das S\u00e4gen ungehobelt, wodurch die Maserung und Struktur des Holzes erhalten bleiben.<\/p>\n<p><strong>Eigenschaften von Gehobelten Kanth\u00f6lzern<\/strong><br \/>\nGehobelte Kanth\u00f6lzer bieten eine gleichm\u00e4\u00dfige, glatte Oberfl\u00e4che und eignen sich perfekt f\u00fcr Projekte, bei denen eine feinere Optik gew\u00fcnscht wird. Diese Variante wird ebenfalls aus hochwertigem Fichten- und Kiefernholz gefertigt und ist ideal f\u00fcr sichtbare Konstruktionen, bei denen Pr\u00e4zision und ein gepflegtes Aussehen gefragt sind. Die gehobelte Oberfl\u00e4che sorgt f\u00fcr eine einfachere Weiterverarbeitung und eine hohe Verarbeitungsqualit\u00e4t.<\/p>\n","protected":false},"excerpt":{"rendered":"<p>Eigenschaften von S\u00e4gerauen Kanth\u00f6lzern Das s\u00e4geraue Kantholz ist ein robustes und vielseitig einsetzbares Baumaterial, das sich besonders f\u00fcr tragende Konstruktionen und weniger sichtbare Bauprojekte eignet. Hergestellt aus hochwertigem Fichten- und Kiefernholz, bietet es eine nat\u00fcrliche, rustikale Optik. Die Oberfl\u00e4che bleibt durch das S\u00e4gen ungehobelt, wodurch die Maserung und Struktur des Holzes erhalten bleiben. Eigenschaften von [&hellip;]<\/p>\n","protected":false},"featured_media":953,"template":"","meta":{"site-sidebar-layout":"default","site-content-layout":"","ast-site-content-layout":"default","site-content-style":"default","site-sidebar-style":"default","ast-global-header-display":"","ast-banner-title-visibility":"","ast-main-header-display":"","ast-hfb-above-header-display":"","ast-hfb-below-header-display":"","ast-hfb-mobile-header-display":"","site-post-title":"","ast-breadcrumbs-content":"","ast-featured-img":"","footer-sml-layout":"","theme-transparent-header-meta":"default","adv-header-id-meta":"","stick-header-meta":"","header-above-stick-meta":"","header-main-stick-meta":"","header-below-stick-meta":"","astra-migrate-meta-layouts":"set","ast-page-background-enabled":"default","ast-page-background-meta":{"desktop":{"background-color":"var(--ast-global-color-5)","background-image":"","background-repeat":"repeat","background-position":"center center","background-size":"auto","background-attachment":"scroll","background-type":"","background-media":"","overlay-type":"","overlay-color":"","overlay-opacity":"","overlay-gradient":""},"tablet":{"background-color":"","background-image":"","background-repeat":"repeat","background-position":"center center","background-size":"auto","background-attachment":"scroll","background-type":"","background-media":"","overlay-type":"","overlay-color":"","overlay-opacity":"","overlay-gradient":""},"mobile":{"background-color":"","background-image":"","background-repeat":"repeat","background-position":"center center","background-size":"auto","background-attachment":"scroll","background-type":"","background-media":"","overlay-type":"","overlay-color":"","overlay-opacity":"","overlay-gradient":""}},"ast-content-background-meta":{"desktop":{"background-color":"var(--ast-global-color-4)","background-image":"","background-repeat":"repeat","background-position":"center center","background-size":"auto","background-attachment":"scroll","background-type":"","background-media":"","overlay-type":"","overlay-color":"","overlay-opacity":"","overlay-gradient":""},"tablet":{"background-color":"var(--ast-global-color-4)","background-image":"","background-repeat":"repeat","background-position":"center center","background-size":"auto","background-attachment":"scroll","background-type":"","background-media":"","overlay-type":"","overlay-color":"","overlay-opacity":"","overlay-gradient":""},"mobile":{"background-color":"var(--ast-global-color-4)","background-image":"","background-repeat":"repeat","background-position":"center center","background-size":"auto","background-attachment":"scroll","background-type":"","background-media":"","overlay-type":"","overlay-color":"","overlay-opacity":"","overlay-gradient":""}}},"product_brand":[],"product_cat":[16],"product_tag":[],"class_list":{"0":"post-265","1":"product","2":"type-product","3":"status-publish","4":"has-post-thumbnail","6":"product_cat-kantholz-fichte-kiefer","7":"desktop-align-left","8":"tablet-align-left","9":"mobile-align-left","11":"first","12":"instock","13":"taxable","14":"shipping-taxable","15":"purchasable","16":"product-type-variable","17":"has-default-attributes"},"_links":{"self":[{"href":"https:\/\/saegewerk-helldoerfer.de\/index.php?rest_route=\/wp\/v2\/product\/265","targetHints":{"allow":["GET"]}}],"collection":[{"href":"https:\/\/saegewerk-helldoerfer.de\/index.php?rest_route=\/wp\/v2\/product"}],"about":[{"href":"https:\/\/saegewerk-helldoerfer.de\/index.php?rest_route=\/wp\/v2\/types\/product"}],"wp:featuredmedia":[{"embeddable":true,"href":"https:\/\/saegewerk-helldoerfer.de\/index.php?rest_route=\/wp\/v2\/media\/953"}],"wp:attachment":[{"href":"https:\/\/saegewerk-helldoerfer.de\/index.php?rest_route=%2Fwp%2Fv2%2Fmedia&parent=265"}],"wp:term":[{"taxonomy":"product_brand","embeddable":true,"href":"https:\/\/saegewerk-helldoerfer.de\/index.php?rest_route=%2Fwp%2Fv2%2Fproduct_brand&post=265"},{"taxonomy":"product_cat","embeddable":true,"href":"https:\/\/saegewerk-helldoerfer.de\/index.php?rest_route=%2Fwp%2Fv2%2Fproduct_cat&post=265"},{"taxonomy":"product_tag","embeddable":true,"href":"https:\/\/saegewerk-helldoerfer.de\/index.php?rest_route=%2Fwp%2Fv2%2Fproduct_tag&post=265"}],"curies":[{"name":"wp","href":"https:\/\/api.w.org\/{rel}","templated":true}]}}